{"id":42,"date":"2025-08-07T18:36:59","date_gmt":"2025-08-08T00:36:59","guid":{"rendered":"https:\/\/hmm.koodehosting.com\/?page_id=42"},"modified":"2025-09-12T13:56:35","modified_gmt":"2025-09-12T19:56:35","slug":"certificaciones","status":"publish","type":"page","link":"https:\/\/hospitalmarinamazatlan.com\/en\/certificaciones\/","title":{"rendered":"Certifications"},"content":{"rendered":"<div data-elementor-type=\"wp-page\" data-elementor-id=\"42\" class=\"elementor elementor-42\" data-elementor-post-type=\"page\">\n\t\t\t\t<div class=\"elementor-element elementor-element-bb25d53 e-flex e-con-boxed e-con e-parent\" data-id=\"bb25d53\" data-element_type=\"container\" data-settings=\"{&quot;background_background&quot;:&quot;classic&quot;}\">\n\t\t\t\t\t<div class=\"e-con-inner\">\n\t\t\t\t<div class=\"elementor-element elementor-element-62277cfb elementor-widget elementor-widget-heading\" data-id=\"62277cfb\" data-element_type=\"widget\" data-widget_type=\"heading.default\">\n\t\t\t\t\t<h2 class=\"elementor-heading-title elementor-size-default\">Certifications<\/h2>\t\t\t\t<\/div>\n\t\t\t\t<div class=\"elementor-element elementor-element-1fbd9c02 elementor-widget__width-initial elementor-widget-mobile__width-inherit elementor-widget elementor-widget-text-editor\" data-id=\"1fbd9c02\" data-element_type=\"widget\" data-widget_type=\"text-editor.default\">\n\t\t\t\t\t\t\t\t\t<p>Comprometidos con la Excelencia: Hospital Marina Mazatl\u00e1n recibe Certificaci\u00f3n del Consejo de Salubridad General<\/p>\t\t\t\t\t\t\t\t<\/div>\n\t\t\t\t\t<\/div>\n\t\t\t\t<\/div>\n\t\t<div class=\"elementor-element elementor-element-6ee436a e-flex e-con-boxed e-con e-parent\" data-id=\"6ee436a\" data-element_type=\"container\">\n\t\t\t\t\t<div class=\"e-con-inner\">\n\t\t<div class=\"elementor-element elementor-element-fad9fe4 e-con-full e-flex e-con e-child\" data-id=\"fad9fe4\" data-element_type=\"container\">\n\t\t\t\t<div class=\"elementor-element elementor-element-5e4fe5d elementor-widget elementor-widget-text-editor\" data-id=\"5e4fe5d\" data-element_type=\"widget\" data-widget_type=\"text-editor.default\">\n\t\t\t\t\t\t\t\t\t<p>En<strong> Marina Mazatl\u00e1n Hospital<\/strong>, la salud y el bienestar de nuestros pacientes son el centro de todo lo que hacemos.<br \/>Hoy, con orgullo y responsabilidad, anunciamos que hemos sido oficialmente certificados por el <strong>Consejo de Salubridad General<\/strong>, el m\u00e1ximo organismo en M\u00e9xico encargado de evaluar la calidad y seguridad en los servicios de salud.<\/p><p>Esta certificaci\u00f3n no es un punto de llegada, sino el inicio de una nueva etapa. Nos impulsa a seguir innovando, creciendo y reafirmando nuestro prop\u00f3sito: ofrecer atenci\u00f3n m\u00e9dica<br \/>con calidad humana, tecnolog\u00eda de vanguardia y un entorno que inspira confianza y esperanza.<\/p>\t\t\t\t\t\t\t\t<\/div>\n\t\t\t\t<\/div>\n\t\t<div class=\"elementor-element elementor-element-3f609e1 e-con-full e-flex e-con e-child\" data-id=\"3f609e1\" data-element_type=\"container\">\n\t\t\t\t<div class=\"elementor-element elementor-element-c761984 elementor-widget elementor-widget-image\" data-id=\"c761984\" data-element_type=\"widget\" data-widget_type=\"image.default\">\n\t\t\t\t\t\t\t\t\t\t\t\t\t\t\t<img fetchpriority=\"high\" decoding=\"async\" width=\"554\" height=\"500\" src=\"https:\/\/hospitalmarinamazatlan.com\/wp-content\/uploads\/2025\/08\/certificaciones-img.png\" class=\"attachment-full size-full wp-image-420\" alt=\"\" srcset=\"https:\/\/hospitalmarinamazatlan.com\/wp-content\/uploads\/2025\/08\/certificaciones-img.png 554w, https:\/\/hospitalmarinamazatlan.com\/wp-content\/uploads\/2025\/08\/certificaciones-img-300x271.png 300w\" sizes=\"(max-width: 554px) 100vw, 554px\" \/>\t\t\t\t\t\t\t\t\t\t\t\t\t\t\t<\/div>\n\t\t\t\t<\/div>\n\t\t\t\t\t<\/div>\n\t\t\t\t<\/div>\n\t\t<div class=\"elementor-element elementor-element-828652f e-flex e-con-boxed e-con e-parent\" data-id=\"828652f\" data-element_type=\"container\" data-settings=\"{&quot;background_background&quot;:&quot;classic&quot;}\">\n\t\t\t\t\t<div class=\"e-con-inner\">\n\t\t<div class=\"elementor-element elementor-element-7186122 e-con-full e-flex e-con e-child\" data-id=\"7186122\" data-element_type=\"container\">\n\t\t\t\t<div class=\"elementor-element elementor-element-c254d63 elementor-widget elementor-widget-image\" data-id=\"c254d63\" data-element_type=\"widget\" data-widget_type=\"image.default\">\n\t\t\t\t\t\t\t\t\t\t\t\t\t\t\t<img decoding=\"async\" width=\"554\" height=\"500\" src=\"https:\/\/hospitalmarinamazatlan.com\/wp-content\/uploads\/2025\/08\/Rectangle-4599.png\" class=\"attachment-full size-full wp-image-421\" alt=\"\" srcset=\"https:\/\/hospitalmarinamazatlan.com\/wp-content\/uploads\/2025\/08\/Rectangle-4599.png 554w, https:\/\/hospitalmarinamazatlan.com\/wp-content\/uploads\/2025\/08\/Rectangle-4599-300x271.png 300w\" sizes=\"(max-width: 554px) 100vw, 554px\" \/>\t\t\t\t\t\t\t\t\t\t\t\t\t\t\t<\/div>\n\t\t\t\t<\/div>\n\t\t<div class=\"elementor-element elementor-element-c9cab0e e-con-full e-flex e-con e-child\" data-id=\"c9cab0e\" data-element_type=\"container\">\n\t\t\t\t<div class=\"elementor-element elementor-element-f9a66af elementor-widget elementor-widget-heading\" data-id=\"f9a66af\" data-element_type=\"widget\" data-widget_type=\"heading.default\">\n\t\t\t\t\t<h2 class=\"elementor-heading-title elementor-size-default\">\u00bfQu\u00e9 significa esta certificaci\u00f3n?<\/h2>\t\t\t\t<\/div>\n\t\t\t\t<div class=\"elementor-element elementor-element-aaf4efc elementor-widget elementor-widget-text-editor\" data-id=\"aaf4efc\" data-element_type=\"widget\" data-widget_type=\"text-editor.default\">\n\t\t\t\t\t\t\t\t\t<p>Ser un <strong>hospital certificado por el Consejo de Salubridad General<\/strong> no es solo un reconocimiento: es un sello de excelencia. Significa que cumplimos con los m\u00e1s altos<br \/>est\u00e1ndares en atenci\u00f3n m\u00e9dica, infraestructura, procesos cl\u00ednicos, seguridad del paciente y gesti\u00f3n hospitalaria. Esta certificaci\u00f3n es resultado de un riguroso proceso de evaluaci\u00f3n, al que nos sometimos de forma voluntaria, demostrando nuestro compromiso con la mejora continua y la transparencia en el servicio.<\/p>\t\t\t\t\t\t\t\t<\/div>\n\t\t\t\t<\/div>\n\t\t\t\t\t<\/div>\n\t\t\t\t<\/div>\n\t\t<div class=\"elementor-element elementor-element-18cc967 e-flex e-con-boxed e-con e-parent\" data-id=\"18cc967\" data-element_type=\"container\">\n\t\t\t\t\t<div class=\"e-con-inner\">\n\t\t\t\t<div class=\"elementor-element elementor-element-b28b81c elementor-widget elementor-widget-heading\" data-id=\"b28b81c\" data-element_type=\"widget\" data-widget_type=\"heading.default\">\n\t\t\t\t\t<h2 class=\"elementor-heading-title elementor-size-default\">En Hospital Marina Mazatl\u00e1n, no solo cuidamos de tu salud.\n<br>Te acompa\u00f1amos con excelencia, cada paso del camino.<\/h2>\t\t\t\t<\/div>\n\t\t<div class=\"elementor-element elementor-element-a042edf e-con-full e-flex e-con e-child\" data-id=\"a042edf\" data-element_type=\"container\">\n\t\t<div class=\"elementor-element elementor-element-d684e26 e-con-full e-flex e-con e-child\" data-id=\"d684e26\" data-element_type=\"container\" data-settings=\"{&quot;background_background&quot;:&quot;classic&quot;}\">\n\t\t<div class=\"elementor-element elementor-element-0ca6aef e-con-full e-flex e-con e-child\" data-id=\"0ca6aef\" data-element_type=\"container\">\n\t\t\t\t<div class=\"elementor-element elementor-element-5c4a4b2 elementor-widget elementor-widget-image\" data-id=\"5c4a4b2\" data-element_type=\"widget\" data-widget_type=\"image.default\">\n\t\t\t\t\t\t\t\t\t\t\t\t\t\t\t<img decoding=\"async\" width=\"61\" height=\"60\" src=\"https:\/\/hospitalmarinamazatlan.com\/wp-content\/uploads\/2025\/08\/check-circle.svg\" class=\"attachment-full size-full wp-image-425\" alt=\"\" \/>\t\t\t\t\t\t\t\t\t\t\t\t\t\t\t<\/div>\n\t\t\t\t<div class=\"elementor-element elementor-element-239016e elementor-widget elementor-widget-heading\" data-id=\"239016e\" data-element_type=\"widget\" data-widget_type=\"heading.default\">\n\t\t\t\t\t<h2 class=\"elementor-heading-title elementor-size-default\">Confianza total <br>\nen tu atenci\u00f3n m\u00e9dica.<\/h2>\t\t\t\t<\/div>\n\t\t\t\t<\/div>\n\t\t\t\t<\/div>\n\t\t<div class=\"elementor-element elementor-element-091078f e-con-full e-flex e-con e-child\" data-id=\"091078f\" data-element_type=\"container\" data-settings=\"{&quot;background_background&quot;:&quot;classic&quot;}\">\n\t\t<div class=\"elementor-element elementor-element-a3ae71f e-con-full e-flex e-con e-child\" data-id=\"a3ae71f\" data-element_type=\"container\">\n\t\t\t\t<div class=\"elementor-element elementor-element-9c7a426 elementor-widget elementor-widget-image\" data-id=\"9c7a426\" data-element_type=\"widget\" data-widget_type=\"image.default\">\n\t\t\t\t\t\t\t\t\t\t\t\t\t\t\t<img decoding=\"async\" width=\"61\" height=\"60\" src=\"https:\/\/hospitalmarinamazatlan.com\/wp-content\/uploads\/2025\/08\/check-circle.svg\" class=\"attachment-full size-full wp-image-425\" alt=\"\" \/>\t\t\t\t\t\t\t\t\t\t\t\t\t\t\t<\/div>\n\t\t\t\t<div class=\"elementor-element elementor-element-019f3e7 elementor-widget elementor-widget-heading\" data-id=\"019f3e7\" data-element_type=\"widget\" data-widget_type=\"heading.default\">\n\t\t\t\t\t<h2 class=\"elementor-heading-title elementor-size-default\">Protocolos <br>alineados con las <br>mejores pr\u00e1cticas internacionales.<\/h2>\t\t\t\t<\/div>\n\t\t\t\t<\/div>\n\t\t\t\t<\/div>\n\t\t<div class=\"elementor-element elementor-element-c21fb55 e-con-full e-flex e-con e-child\" data-id=\"c21fb55\" data-element_type=\"container\" data-settings=\"{&quot;background_background&quot;:&quot;classic&quot;}\">\n\t\t<div class=\"elementor-element elementor-element-0dd8814 e-con-full e-flex e-con e-child\" data-id=\"0dd8814\" data-element_type=\"container\">\n\t\t\t\t<div class=\"elementor-element elementor-element-4332231 elementor-widget elementor-widget-image\" data-id=\"4332231\" data-element_type=\"widget\" data-widget_type=\"image.default\">\n\t\t\t\t\t\t\t\t\t\t\t\t\t\t\t<img decoding=\"async\" width=\"61\" height=\"60\" src=\"https:\/\/hospitalmarinamazatlan.com\/wp-content\/uploads\/2025\/08\/check-circle.svg\" class=\"attachment-full size-full wp-image-425\" alt=\"\" \/>\t\t\t\t\t\t\t\t\t\t\t\t\t\t\t<\/div>\n\t\t\t\t<div class=\"elementor-element elementor-element-8d037d8 elementor-widget elementor-widget-heading\" data-id=\"8d037d8\" data-element_type=\"widget\" data-widget_type=\"heading.default\">\n\t\t\t\t\t<h2 class=\"elementor-heading-title elementor-size-default\">Personal <br>altamente capacitado y comprometido.<\/h2>\t\t\t\t<\/div>\n\t\t\t\t<\/div>\n\t\t\t\t<\/div>\n\t\t<div class=\"elementor-element elementor-element-69a9df6 e-con-full e-flex e-con e-child\" data-id=\"69a9df6\" data-element_type=\"container\" data-settings=\"{&quot;background_background&quot;:&quot;classic&quot;}\">\n\t\t<div class=\"elementor-element elementor-element-196ddc4 e-con-full e-flex e-con e-child\" data-id=\"196ddc4\" data-element_type=\"container\">\n\t\t\t\t<div class=\"elementor-element elementor-element-4f53007 elementor-widget elementor-widget-image\" data-id=\"4f53007\" data-element_type=\"widget\" data-widget_type=\"image.default\">\n\t\t\t\t\t\t\t\t\t\t\t\t\t\t\t<img decoding=\"async\" width=\"61\" height=\"60\" src=\"https:\/\/hospitalmarinamazatlan.com\/wp-content\/uploads\/2025\/08\/check-circle.svg\" class=\"attachment-full size-full wp-image-425\" alt=\"\" \/>\t\t\t\t\t\t\t\t\t\t\t\t\t\t\t<\/div>\n\t\t\t\t<div class=\"elementor-element elementor-element-7d2a085 elementor-widget elementor-widget-heading\" data-id=\"7d2a085\" data-element_type=\"widget\" data-widget_type=\"heading.default\">\n\t\t\t\t\t<h2 class=\"elementor-heading-title elementor-size-default\">Seguridad y <br>calidad en cada paso de tu tratamiento.<\/h2>\t\t\t\t<\/div>\n\t\t\t\t<\/div>\n\t\t\t\t<\/div>\n\t\t\t\t<\/div>\n\t\t\t\t\t<\/div>\n\t\t\t\t<\/div>\n\t\t\t\t<\/div>","protected":false},"excerpt":{"rendered":"<p>Certificaciones Comprometidos con la Excelencia: Hospital Marina Mazatl\u00e1n recibe Certificaci\u00f3n del Consejo de Salubridad General En Hospital Marina Mazatl\u00e1n, la salud y el bienestar de nuestros pacientes son el centro de todo lo que hacemos.Hoy, con orgullo y responsabilidad, anunciamos que hemos sido oficialmente certificados por el Consejo de Salubridad General, el m\u00e1ximo organismo en [&hellip;]<\/p>\n","protected":false},"author":2,"featured_media":0,"parent":0,"menu_order":0,"comment_status":"closed","ping_status":"closed","template":"","meta":{"_acf_changed":false,"inline_featured_image":false,"_monsterinsights_skip_tracking":false,"_monsterinsights_sitenote_active":false,"_monsterinsights_sitenote_note":"","_monsterinsights_sitenote_category":0,"footnotes":""},"class_list":["post-42","page","type-page","status-publish","hentry"],"acf":[],"yoast_head":"<!-- This site is optimized with the Yoast SEO plugin v25.9 - https:\/\/yoast.com\/wordpress\/plugins\/seo\/ -->\n<title>Certificaciones - Hospital Marina Mazatlan<\/title>\n<meta name=\"robots\" content=\"index, follow, max-snippet:-1, max-image-preview:large, max-video-preview:-1\" \/>\n<link rel=\"canonical\" href=\"https:\/\/hospitalmarinamazatlan.com\/en\/certificaciones\/\" \/>\n<meta property=\"og:locale\" content=\"en_US\" \/>\n<meta property=\"og:type\" content=\"article\" \/>\n<meta property=\"og:title\" content=\"Certificaciones - Hospital Marina Mazatlan\" \/>\n<meta property=\"og:description\" content=\"Certificaciones Comprometidos con la Excelencia: Hospital Marina Mazatl\u00e1n recibe Certificaci\u00f3n del Consejo de Salubridad General En Hospital Marina Mazatl\u00e1n, la salud y el bienestar de nuestros pacientes son el centro de todo lo que hacemos.Hoy, con orgullo y responsabilidad, anunciamos que hemos sido oficialmente certificados por el Consejo de Salubridad General, el m\u00e1ximo organismo en [&hellip;]\" \/>\n<meta property=\"og:url\" content=\"https:\/\/hospitalmarinamazatlan.com\/en\/certificaciones\/\" \/>\n<meta property=\"og:site_name\" content=\"Hospital Marina Mazatlan\" \/>\n<meta property=\"article:publisher\" content=\"https:\/\/www.facebook.com\/HospitalMarinaMazatlan\/\" \/>\n<meta property=\"article:modified_time\" content=\"2025-09-12T19:56:35+00:00\" \/>\n<meta property=\"og:image\" content=\"https:\/\/hospitalmarinamazatlan.com\/wp-content\/uploads\/2025\/08\/certificaciones-img.png\" \/>\n<meta name=\"twitter:card\" content=\"summary_large_image\" \/>\n<meta name=\"twitter:label1\" content=\"Est. reading time\" \/>\n\t<meta name=\"twitter:data1\" content=\"1 minute\" \/>\n<script type=\"application\/ld+json\" class=\"yoast-schema-graph\">{\"@context\":\"https:\/\/schema.org\",\"@graph\":[{\"@type\":\"WebPage\",\"@id\":\"https:\/\/hospitalmarinamazatlan.com\/certificaciones\/\",\"url\":\"https:\/\/hospitalmarinamazatlan.com\/certificaciones\/\",\"name\":\"Certificaciones - Hospital Marina Mazatlan\",\"isPartOf\":{\"@id\":\"https:\/\/hospitalmarinamazatlan.com\/#website\"},\"primaryImageOfPage\":{\"@id\":\"https:\/\/hospitalmarinamazatlan.com\/certificaciones\/#primaryimage\"},\"image\":{\"@id\":\"https:\/\/hospitalmarinamazatlan.com\/certificaciones\/#primaryimage\"},\"thumbnailUrl\":\"https:\/\/hospitalmarinamazatlan.com\/wp-content\/uploads\/2025\/08\/certificaciones-img.png\",\"datePublished\":\"2025-08-08T00:36:59+00:00\",\"dateModified\":\"2025-09-12T19:56:35+00:00\",\"breadcrumb\":{\"@id\":\"https:\/\/hospitalmarinamazatlan.com\/certificaciones\/#breadcrumb\"},\"inLanguage\":\"en-US\",\"potentialAction\":[{\"@type\":\"ReadAction\",\"target\":[\"https:\/\/hospitalmarinamazatlan.com\/certificaciones\/\"]}]},{\"@type\":\"ImageObject\",\"inLanguage\":\"en-US\",\"@id\":\"https:\/\/hospitalmarinamazatlan.com\/certificaciones\/#primaryimage\",\"url\":\"https:\/\/hospitalmarinamazatlan.com\/wp-content\/uploads\/2025\/08\/certificaciones-img.png\",\"contentUrl\":\"https:\/\/hospitalmarinamazatlan.com\/wp-content\/uploads\/2025\/08\/certificaciones-img.png\"},{\"@type\":\"BreadcrumbList\",\"@id\":\"https:\/\/hospitalmarinamazatlan.com\/certificaciones\/#breadcrumb\",\"itemListElement\":[{\"@type\":\"ListItem\",\"position\":1,\"name\":\"Inicio\",\"item\":\"https:\/\/hospitalmarinamazatlan.com\/\"},{\"@type\":\"ListItem\",\"position\":2,\"name\":\"Certificaciones\"}]},{\"@type\":\"WebSite\",\"@id\":\"https:\/\/hospitalmarinamazatlan.com\/#website\",\"url\":\"https:\/\/hospitalmarinamazatlan.com\/\",\"name\":\"Sitio Web Hospital Marina Mazatlan\",\"description\":\"\",\"publisher\":{\"@id\":\"https:\/\/hospitalmarinamazatlan.com\/#organization\"},\"potentialAction\":[{\"@type\":\"SearchAction\",\"target\":{\"@type\":\"EntryPoint\",\"urlTemplate\":\"https:\/\/hospitalmarinamazatlan.com\/?s={search_term_string}\"},\"query-input\":{\"@type\":\"PropertyValueSpecification\",\"valueRequired\":true,\"valueName\":\"search_term_string\"}}],\"inLanguage\":\"en-US\"},{\"@type\":\"Organization\",\"@id\":\"https:\/\/hospitalmarinamazatlan.com\/#organization\",\"name\":\"Hospital Marina Mazatlan\",\"url\":\"https:\/\/hospitalmarinamazatlan.com\/\",\"logo\":{\"@type\":\"ImageObject\",\"inLanguage\":\"en-US\",\"@id\":\"https:\/\/hospitalmarinamazatlan.com\/#\/schema\/logo\/image\/\",\"url\":\"https:\/\/hospitalmarinamazatlan.com\/wp-content\/uploads\/2025\/08\/logo.svg\",\"contentUrl\":\"https:\/\/hospitalmarinamazatlan.com\/wp-content\/uploads\/2025\/08\/logo.svg\",\"width\":114,\"height\":41,\"caption\":\"Hospital Marina Mazatlan\"},\"image\":{\"@id\":\"https:\/\/hospitalmarinamazatlan.com\/#\/schema\/logo\/image\/\"},\"sameAs\":[\"https:\/\/www.facebook.com\/HospitalMarinaMazatlan\/\",\"https:\/\/www.instagram.com\/hospitalmarinamazatlan\/?hl=en\"]}]}<\/script>\n<!-- \/ Yoast SEO plugin. -->","yoast_head_json":{"title":"Certificaciones - Hospital Marina Mazatlan","robots":{"index":"index","follow":"follow","max-snippet":"max-snippet:-1","max-image-preview":"max-image-preview:large","max-video-preview":"max-video-preview:-1"},"canonical":"https:\/\/hospitalmarinamazatlan.com\/en\/certificaciones\/","og_locale":"en_US","og_type":"article","og_title":"Certificaciones - Hospital Marina Mazatlan","og_description":"Certificaciones Comprometidos con la Excelencia: Hospital Marina Mazatl\u00e1n recibe Certificaci\u00f3n del Consejo de Salubridad General En Hospital Marina Mazatl\u00e1n, la salud y el bienestar de nuestros pacientes son el centro de todo lo que hacemos.Hoy, con orgullo y responsabilidad, anunciamos que hemos sido oficialmente certificados por el Consejo de Salubridad General, el m\u00e1ximo organismo en [&hellip;]","og_url":"https:\/\/hospitalmarinamazatlan.com\/en\/certificaciones\/","og_site_name":"Hospital Marina Mazatlan","article_publisher":"https:\/\/www.facebook.com\/HospitalMarinaMazatlan\/","article_modified_time":"2025-09-12T19:56:35+00:00","og_image":[{"url":"https:\/\/hospitalmarinamazatlan.com\/wp-content\/uploads\/2025\/08\/certificaciones-img.png","type":"","width":"","height":""}],"twitter_card":"summary_large_image","twitter_misc":{"Est. reading time":"1 minute"},"schema":{"@context":"https:\/\/schema.org","@graph":[{"@type":"WebPage","@id":"https:\/\/hospitalmarinamazatlan.com\/certificaciones\/","url":"https:\/\/hospitalmarinamazatlan.com\/certificaciones\/","name":"Certificaciones - Hospital Marina Mazatlan","isPartOf":{"@id":"https:\/\/hospitalmarinamazatlan.com\/#website"},"primaryImageOfPage":{"@id":"https:\/\/hospitalmarinamazatlan.com\/certificaciones\/#primaryimage"},"image":{"@id":"https:\/\/hospitalmarinamazatlan.com\/certificaciones\/#primaryimage"},"thumbnailUrl":"https:\/\/hospitalmarinamazatlan.com\/wp-content\/uploads\/2025\/08\/certificaciones-img.png","datePublished":"2025-08-08T00:36:59+00:00","dateModified":"2025-09-12T19:56:35+00:00","breadcrumb":{"@id":"https:\/\/hospitalmarinamazatlan.com\/certificaciones\/#breadcrumb"},"inLanguage":"en-US","potentialAction":[{"@type":"ReadAction","target":["https:\/\/hospitalmarinamazatlan.com\/certificaciones\/"]}]},{"@type":"ImageObject","inLanguage":"en-US","@id":"https:\/\/hospitalmarinamazatlan.com\/certificaciones\/#primaryimage","url":"https:\/\/hospitalmarinamazatlan.com\/wp-content\/uploads\/2025\/08\/certificaciones-img.png","contentUrl":"https:\/\/hospitalmarinamazatlan.com\/wp-content\/uploads\/2025\/08\/certificaciones-img.png"},{"@type":"BreadcrumbList","@id":"https:\/\/hospitalmarinamazatlan.com\/certificaciones\/#breadcrumb","itemListElement":[{"@type":"ListItem","position":1,"name":"Inicio","item":"https:\/\/hospitalmarinamazatlan.com\/"},{"@type":"ListItem","position":2,"name":"Certificaciones"}]},{"@type":"WebSite","@id":"https:\/\/hospitalmarinamazatlan.com\/#website","url":"https:\/\/hospitalmarinamazatlan.com\/","name":"Sitio Web Hospital Marina Mazatlan","description":"","publisher":{"@id":"https:\/\/hospitalmarinamazatlan.com\/#organization"},"potentialAction":[{"@type":"SearchAction","target":{"@type":"EntryPoint","urlTemplate":"https:\/\/hospitalmarinamazatlan.com\/?s={search_term_string}"},"query-input":{"@type":"PropertyValueSpecification","valueRequired":true,"valueName":"search_term_string"}}],"inLanguage":"en-US"},{"@type":"Organization","@id":"https:\/\/hospitalmarinamazatlan.com\/#organization","name":"Marina Mazatlan Hospital","url":"https:\/\/hospitalmarinamazatlan.com\/","logo":{"@type":"ImageObject","inLanguage":"en-US","@id":"https:\/\/hospitalmarinamazatlan.com\/#\/schema\/logo\/image\/","url":"https:\/\/hospitalmarinamazatlan.com\/wp-content\/uploads\/2025\/08\/logo.svg","contentUrl":"https:\/\/hospitalmarinamazatlan.com\/wp-content\/uploads\/2025\/08\/logo.svg","width":114,"height":41,"caption":"Hospital Marina Mazatlan"},"image":{"@id":"https:\/\/hospitalmarinamazatlan.com\/#\/schema\/logo\/image\/"},"sameAs":["https:\/\/www.facebook.com\/HospitalMarinaMazatlan\/","https:\/\/www.instagram.com\/hospitalmarinamazatlan\/?hl=en"]}]}},"_links":{"self":[{"href":"https:\/\/hospitalmarinamazatlan.com\/en\/wp-json\/wp\/v2\/pages\/42","targetHints":{"allow":["GET"]}}],"collection":[{"href":"https:\/\/hospitalmarinamazatlan.com\/en\/wp-json\/wp\/v2\/pages"}],"about":[{"href":"https:\/\/hospitalmarinamazatlan.com\/en\/wp-json\/wp\/v2\/types\/page"}],"author":[{"embeddable":true,"href":"https:\/\/hospitalmarinamazatlan.com\/en\/wp-json\/wp\/v2\/users\/2"}],"replies":[{"embeddable":true,"href":"https:\/\/hospitalmarinamazatlan.com\/en\/wp-json\/wp\/v2\/comments?post=42"}],"version-history":[{"count":13,"href":"https:\/\/hospitalmarinamazatlan.com\/en\/wp-json\/wp\/v2\/pages\/42\/revisions"}],"predecessor-version":[{"id":821,"href":"https:\/\/hospitalmarinamazatlan.com\/en\/wp-json\/wp\/v2\/pages\/42\/revisions\/821"}],"wp:attachment":[{"href":"https:\/\/hospitalmarinamazatlan.com\/en\/wp-json\/wp\/v2\/media?parent=42"}],"curies":[{"name":"wp","href":"https:\/\/api.w.org\/{rel}","templated":true}]}}